{"id":25834800,"date":"2025-08-17T20:14:32","date_gmt":"2025-08-17T18:14:32","guid":{"rendered":"https:\/\/swartfontein.com\/?page_id=25834800"},"modified":"2025-09-08T16:01:32","modified_gmt":"2025-09-08T14:01:32","slug":"haftungsausschluss","status":"publish","type":"page","link":"https:\/\/swartfontein.com\/de\/haftungsausschluss\/","title":{"rendered":"Haftungsausschluss"},"content":{"rendered":"<p>[et_pb_section fb_built=&#8220;1&#8243; fullwidth=&#8220;on&#8220; _builder_version=&#8220;4.26.0&#8243; _module_preset=&#8220;default&#8220; global_colors_info=&#8220;{}&#8220;][et_pb_fullwidth_header title=&#8220;Haftungsausschluss&#8220; header_scroll_down=&#8220;on&#8220; scroll_down_icon=&#8220;%%0%%&#8220; scroll_down_icon_size=&#8220;24px&#8220; button_one_text=&#8220;Reservierungen&#8220; button_one_url=&#8220;\/de\/reservierungen\/&#8220; _builder_version=&#8220;4.27.4&#8243; _module_preset=&#8220;default&#8220; title_font=&#8220;|700||on|||||&#8220; title_font_size=&#8220;54px&#8220; title_letter_spacing=&#8220;1px&#8220; title_line_height=&#8220;1.3em&#8220; subhead_font=&#8220;&#8211;et_global_body_font|||on|||||&#8220; subhead_text_color=&#8220;#FFFFFF&#8220; subhead_font_size=&#8220;20px&#8220; subhead_letter_spacing=&#8220;2px&#8220; background_color=&#8220;#F4EFE8&#8243; use_background_color_gradient=&#8220;on&#8220; background_color_gradient_stops=&#8220;rgba(0,0,0,0.2) 0%|rgba(0,0,0,0) 20%&#8220; background_color_gradient_overlays_image=&#8220;on&#8220; background_image=&#8220;https:\/\/swartfontein.com\/wp-content\/uploads\/2025\/08\/Swartfontein-Koppie-Desktop.jpg&#8220; background_position=&#8220;center_left&#8220; custom_button_one=&#8220;on&#8220; button_one_text_color=&#8220;#FFFFFF&#8220; button_one_bg_color=&#8220;#ff4500&#8243; button_one_border_color=&#8220;#ff4500&#8243; button_one_font=&#8220;|||on|||||&#8220; button_one_use_icon=&#8220;off&#8220; button_one_custom_margin=&#8220;30px||||false|false&#8220; button_one_custom_padding=&#8220;12px|30px|12px|30px|true|true&#8220; custom_button_two=&#8220;on&#8220; button_two_font=&#8220;|||on|||||&#8220; button_two_use_icon=&#8220;off&#8220; button_two_custom_padding=&#8220;12px|30px|12px|30px|true|true&#8220; custom_padding=&#8220;10%||14%||false|false&#8220; hover_enabled=&#8220;0&#8243; title_font_size_tablet=&#8220;54px&#8220; title_font_size_phone=&#8220;30px&#8220; title_font_size_last_edited=&#8220;on|tablet&#8220; subhead_font_size_tablet=&#8220;24px&#8220; subhead_font_size_phone=&#8220;18px&#8220; subhead_font_size_last_edited=&#8220;on|phone&#8220; background_last_edited=&#8220;on|phone&#8220; use_background_color_gradient_phone=&#8220;on&#8220; background_color_gradient_stops_phone=&#8220;rgba(0,0,0,0) 50%|rgba(23,23,23,0.22) 100%&#8220; background_image_phone=&#8220;https:\/\/swartfontein.com\/wp-content\/uploads\/2025\/08\/Swartfontein-Koppie-Mobile.jpg&#8220; background_enable_image_phone=&#8220;on&#8220; title_text_shadow_style=&#8220;preset3&#8243; title_text_shadow_color=&#8220;rgba(0,0,0,0.2)&#8220; subhead_text_shadow_style=&#8220;preset3&#8243; subhead_text_shadow_color=&#8220;rgba(0,0,0,0.2)&#8220; global_colors_info=&#8220;{}&#8220; scroll_down_icon_color__hover_enabled=&#8220;on|hover&#8220; scroll_down_icon_color__hover=&#8220;#BC7C39&#8243; button_one_bg_color__hover_enabled=&#8220;on|hover&#8220; button_one_bg_color__hover=&#8220;#5E5641&#8243; button_one_bg_enable_color__hover=&#8220;on&#8220; button_one_border_color__hover_enabled=&#8220;on|hover&#8220; button_one_border_color__hover=&#8220;#5E5641&#8243; button_two_bg_color__hover_enabled=&#8220;on|hover&#8220; button_two_bg_color__hover=&#8220;#5E5641&#8243; button_two_bg_enable_color__hover=&#8220;on&#8220; button_two_border_color__hover_enabled=&#8220;on|hover&#8220; button_two_border_color__hover=&#8220;#5E5641&#8243; sticky_enabled=&#8220;0&#8243;][\/et_pb_fullwidth_header][\/et_pb_section][et_pb_section fb_built=&#8220;1&#8243; custom_padding_last_edited=&#8220;on|tablet&#8220; _builder_version=&#8220;4.27.4&#8243; _module_preset=&#8220;default&#8220; background_color=&#8220;#F4EFE8&#8243; custom_margin_tablet=&#8220;||0px||false|false&#8220; custom_margin_phone=&#8220;||0px||false|false&#8220; custom_margin_last_edited=&#8220;on|tablet&#8220; custom_padding=&#8220;90px||90px||false|false&#8220; custom_padding_tablet=&#8220;||90px||false|false&#8220; custom_padding_phone=&#8220;40px||70px||false|false&#8220; global_colors_info=&#8220;{}&#8220;][et_pb_row custom_padding_last_edited=&#8220;on|phone&#8220; _builder_version=&#8220;4.27.4&#8243; _module_preset=&#8220;default&#8220; background_color=&#8220;#FFFFFF&#8220; width_tablet=&#8220;90%&#8220; width_phone=&#8220;90%&#8220; width_last_edited=&#8220;on|tablet&#8220; custom_padding=&#8220;34px|40px|34px|40px|true|true&#8220; custom_padding_tablet=&#8220;34px|40px|34px|40px|true|true&#8220; custom_padding_phone=&#8220;20px|25px|20px|25px|true|true&#8220; global_colors_info=&#8220;{}&#8220;][et_pb_column type=&#8220;4_4&#8243; _builder_version=&#8220;4.27.4&#8243; _module_preset=&#8220;default&#8220; global_colors_info=&#8220;{}&#8220;][et_pb_text _builder_version=&#8220;4.27.4&#8243; _module_preset=&#8220;default&#8220; header_4_font=&#8220;|||on|||||&#8220; header_4_text_color=&#8220;#5E5641&#8243; custom_padding=&#8220;||15px||false|false&#8220; header_4_text_align_tablet=&#8220;&#8220; header_4_text_align_phone=&#8220;center&#8220; header_4_text_align_last_edited=&#8220;on|phone&#8220; global_colors_info=&#8220;{}&#8220;]<\/p>\n<h4>Rechtshinweis<\/h4>\n<p>Alle Angaben auf unserer Website wurden sorgf\u00e4ltig gepr\u00fcft. Wir \u00fcbernehmen jedoch keinerlei Gew\u00e4hr f\u00fcr die Aktualit\u00e4t, Korrektheit, Vollst\u00e4ndigkeit oder Qualit\u00e4t der bereitgestellten Informationen. Haftungsanspr\u00fcche gegen den Autor, welche sich auf Sch\u00e4den materieller oder ideeller Art beziehen, die durch die Nutzung oder Nichtnutzung der dargebotenen Informationen bzw. durch die Nutzung fehlerhafter und unvollst\u00e4ndiger Informationen verursacht wurden, sind grunds\u00e4tzlich ausgeschlossen, sofern seitens des Autors kein nachweislich vors\u00e4tzliches oder grob fahrl\u00e4ssiges Verschulden vorliegt.<\/p>\n<p>Alle Angebote sind freibleibend und unverbindlich. Der Autor beh\u00e4lt es sich ausdr\u00fccklich vor, Teile der Seiten oder das gesamte Angebot ohne gesonderte Ank\u00fcndigung zu ver\u00e4ndern, zu erg\u00e4nzen, zu l\u00f6schen oder die Ver\u00f6ffentlichung zeitweise oder endg\u00fcltig einzustellen. Au\u00dferdem \u00fcbernehmen wir keine Haftung f\u00fcr jegliche Art von Sch\u00e4den, die sich aus dem Gebrauch der hier ver\u00f6ffentlichten Informationen ergeben k\u00f6nnten.<\/p>\n<h4>Hyperlinks<\/h4>\n<p>Diese Webseiten enthalten auch Informationen von Dritten und weisen auf andere Webseiten hin. F\u00fcr alle Inhalte von und Aussagen auf verlinkten Webseiten ist ausschlie\u00dflich deren Betreiber verantwortlich. F\u00fcr die Informationen von Dritten \u00fcbernehmen wir daher keine Haftung.<\/p>\n<p>Bei direkten oder indirekten Verweisen auf fremde Webseiten (\u201eHyperlinks\u201c), die au\u00dferhalb des Verantwortungsbereiches des Autors liegen, w\u00fcrde eine Haftungsverpflichtung ausschlie\u00dflich in dem Fall in Kraft treten, in dem der Autor von den Inhalten Kenntnis h\u00e4tte und es ihm technisch m\u00f6glich und zumutbar w\u00e4re, die Nutzung im Falle rechtswidriger Inhalte zu verhindern.<\/p>\n<h4>Urheberrecht und gewerblicher Rechtsschutz<\/h4>\n<p>Der gesamte Inhalt der Website unterliegt dem Schutz des Urheberrechts, dem gewerblichen Rechtsschutz und anderen Gesetzen zum Schutz des geistigen Eigentums. Die Weitergabe, Ver\u00e4nderung, gewerbliche Nutzung oder Verwendung auf anderen Websites ist untersagt. Einige Seiten enthalten Bilder, deren Rechte von Dritten nur zur Nutzung auf dieser Website erworben wurden.<\/p>\n<p>Das Copyright f\u00fcr ver\u00f6ffentlichte, vom Autor selbst erstellte Objekte bleibt allein beim Autor der Webseiten. Eine Vervielf\u00e4ltigung oder Verwendung solcher Grafiken, Tondokumente, Videosequenzen und Texte in anderen elektronischen oder gedruckten Publikationen ist ohne ausdr\u00fcckliche Zustimmung des Autors nicht gestattet.<\/p>\n<h4>\u00c4nderungsvorbehalt<\/h4>\n<p>Wir behalten uns das Recht vor, den Inhalt dieser Website ohne vorherige Ank\u00fcndigungen zu \u00e4ndern. Eine Haftung ergibt sich daraus nicht.[\/et_pb_text][\/et_pb_column][\/et_pb_row][\/et_pb_section]<\/p>\n","protected":false},"excerpt":{"rendered":"<p>Rechtshinweis Alle Angaben auf unserer Website wurden sorgf\u00e4ltig gepr\u00fcft. Wir \u00fcbernehmen jedoch keinerlei Gew\u00e4hr f\u00fcr die Aktualit\u00e4t, Korrektheit, Vollst\u00e4ndigkeit oder Qualit\u00e4t der bereitgestellten Informationen. Haftungsanspr\u00fcche gegen den Autor, welche sich auf Sch\u00e4den materieller oder ideeller Art beziehen, die durch die Nutzung oder Nichtnutzung der dargebotenen Informationen bzw. durch die Nutzung fehlerhafter und unvollst\u00e4ndiger Informationen verursacht [&hellip;]<\/p>\n","protected":false},"author":1,"featured_media":0,"parent":0,"menu_order":0,"comment_status":"closed","ping_status":"closed","template":"","meta":{"_et_pb_use_builder":"on","_et_pb_old_content":"","_et_gb_content_width":"","footnotes":""},"dipi_cpt_category":[],"class_list":["post-25834800","page","type-page","status-publish","hentry"],"yoast_head":"<!-- This site is optimized with the Yoast SEO plugin v25.8 - https:\/\/yoast.com\/wordpress\/plugins\/seo\/ -->\n<title>Haftungsausschluss - Swartfontein<\/title>\n<meta name=\"robots\" content=\"index, follow, max-snippet:-1, max-image-preview:large, max-video-preview:-1\" \/>\n<link rel=\"canonical\" href=\"https:\/\/swartfontein.com\/de\/haftungsausschluss\/\" \/>\n<meta property=\"og:locale\" content=\"de_DE\" \/>\n<meta property=\"og:type\" content=\"article\" \/>\n<meta property=\"og:title\" content=\"Haftungsausschluss - Swartfontein\" \/>\n<meta property=\"og:description\" content=\"Rechtshinweis Alle Angaben auf unserer Website wurden sorgf\u00e4ltig gepr\u00fcft. Wir \u00fcbernehmen jedoch keinerlei Gew\u00e4hr f\u00fcr die Aktualit\u00e4t, Korrektheit, Vollst\u00e4ndigkeit oder Qualit\u00e4t der bereitgestellten Informationen. Haftungsanspr\u00fcche gegen den Autor, welche sich auf Sch\u00e4den materieller oder ideeller Art beziehen, die durch die Nutzung oder Nichtnutzung der dargebotenen Informationen bzw. durch die Nutzung fehlerhafter und unvollst\u00e4ndiger Informationen verursacht [&hellip;]\" \/>\n<meta property=\"og:url\" content=\"https:\/\/swartfontein.com\/de\/haftungsausschluss\/\" \/>\n<meta property=\"og:site_name\" content=\"Swartfontein\" \/>\n<meta property=\"article:publisher\" content=\"https:\/\/www.facebook.com\/people\/Swartfontein-Game-Adventure-Lodge\/61574464136020\/\" \/>\n<meta property=\"article:modified_time\" content=\"2025-09-08T14:01:32+00:00\" \/>\n<meta name=\"twitter:card\" content=\"summary_large_image\" \/>\n<meta name=\"twitter:label1\" content=\"Gesch\u00e4tzte Lesezeit\" \/>\n\t<meta name=\"twitter:data1\" content=\"2\u00a0Minuten\" \/>\n<script type=\"application\/ld+json\" class=\"yoast-schema-graph\">{\"@context\":\"https:\/\/schema.org\",\"@graph\":[{\"@type\":\"WebPage\",\"@id\":\"https:\/\/swartfontein.com\/de\/haftungsausschluss\/\",\"url\":\"https:\/\/swartfontein.com\/de\/haftungsausschluss\/\",\"name\":\"Haftungsausschluss - Swartfontein\",\"isPartOf\":{\"@id\":\"https:\/\/swartfontein.com\/de\/#website\"},\"datePublished\":\"2025-08-17T18:14:32+00:00\",\"dateModified\":\"2025-09-08T14:01:32+00:00\",\"breadcrumb\":{\"@id\":\"https:\/\/swartfontein.com\/de\/haftungsausschluss\/#breadcrumb\"},\"inLanguage\":\"de\",\"potentialAction\":[{\"@type\":\"ReadAction\",\"target\":[\"https:\/\/swartfontein.com\/de\/haftungsausschluss\/\"]}]},{\"@type\":\"BreadcrumbList\",\"@id\":\"https:\/\/swartfontein.com\/de\/haftungsausschluss\/#breadcrumb\",\"itemListElement\":[{\"@type\":\"ListItem\",\"position\":1,\"name\":\"Home\",\"item\":\"https:\/\/swartfontein.com\/de\/\"},{\"@type\":\"ListItem\",\"position\":2,\"name\":\"Haftungsausschluss\"}]},{\"@type\":\"WebSite\",\"@id\":\"https:\/\/swartfontein.com\/de\/#website\",\"url\":\"https:\/\/swartfontein.com\/de\/\",\"name\":\"Swartfontein Game & Adventure Lodge\",\"description\":\"Game &amp; Adventure Lodge\",\"publisher\":{\"@id\":\"https:\/\/swartfontein.com\/de\/#organization\"},\"potentialAction\":[{\"@type\":\"SearchAction\",\"target\":{\"@type\":\"EntryPoint\",\"urlTemplate\":\"https:\/\/swartfontein.com\/de\/?s={search_term_string}\"},\"query-input\":{\"@type\":\"PropertyValueSpecification\",\"valueRequired\":true,\"valueName\":\"search_term_string\"}}],\"inLanguage\":\"de\"},{\"@type\":\"Organization\",\"@id\":\"https:\/\/swartfontein.com\/de\/#organization\",\"name\":\"Swartfontein Game & Adventure Lodge\",\"url\":\"https:\/\/swartfontein.com\/de\/\",\"logo\":{\"@type\":\"ImageObject\",\"inLanguage\":\"de\",\"@id\":\"https:\/\/swartfontein.com\/de\/#\/schema\/logo\/image\/\",\"url\":\"https:\/\/swartfontein.com\/wp-content\/uploads\/2025\/08\/Swartfontein-Fav.png\",\"contentUrl\":\"https:\/\/swartfontein.com\/wp-content\/uploads\/2025\/08\/Swartfontein-Fav.png\",\"width\":512,\"height\":512,\"caption\":\"Swartfontein Game & Adventure Lodge\"},\"image\":{\"@id\":\"https:\/\/swartfontein.com\/de\/#\/schema\/logo\/image\/\"},\"sameAs\":[\"https:\/\/www.facebook.com\/people\/Swartfontein-Game-Adventure-Lodge\/61574464136020\/\"]}]}<\/script>\n<!-- \/ Yoast SEO plugin. -->","yoast_head_json":{"title":"Haftungsausschluss - Swartfontein","robots":{"index":"index","follow":"follow","max-snippet":"max-snippet:-1","max-image-preview":"max-image-preview:large","max-video-preview":"max-video-preview:-1"},"canonical":"https:\/\/swartfontein.com\/de\/haftungsausschluss\/","og_locale":"de_DE","og_type":"article","og_title":"Haftungsausschluss - Swartfontein","og_description":"Rechtshinweis Alle Angaben auf unserer Website wurden sorgf\u00e4ltig gepr\u00fcft. Wir \u00fcbernehmen jedoch keinerlei Gew\u00e4hr f\u00fcr die Aktualit\u00e4t, Korrektheit, Vollst\u00e4ndigkeit oder Qualit\u00e4t der bereitgestellten Informationen. Haftungsanspr\u00fcche gegen den Autor, welche sich auf Sch\u00e4den materieller oder ideeller Art beziehen, die durch die Nutzung oder Nichtnutzung der dargebotenen Informationen bzw. durch die Nutzung fehlerhafter und unvollst\u00e4ndiger Informationen verursacht [&hellip;]","og_url":"https:\/\/swartfontein.com\/de\/haftungsausschluss\/","og_site_name":"Swartfontein","article_publisher":"https:\/\/www.facebook.com\/people\/Swartfontein-Game-Adventure-Lodge\/61574464136020\/","article_modified_time":"2025-09-08T14:01:32+00:00","twitter_card":"summary_large_image","twitter_misc":{"Gesch\u00e4tzte Lesezeit":"2\u00a0Minuten"},"schema":{"@context":"https:\/\/schema.org","@graph":[{"@type":"WebPage","@id":"https:\/\/swartfontein.com\/de\/haftungsausschluss\/","url":"https:\/\/swartfontein.com\/de\/haftungsausschluss\/","name":"Haftungsausschluss - Swartfontein","isPartOf":{"@id":"https:\/\/swartfontein.com\/de\/#website"},"datePublished":"2025-08-17T18:14:32+00:00","dateModified":"2025-09-08T14:01:32+00:00","breadcrumb":{"@id":"https:\/\/swartfontein.com\/de\/haftungsausschluss\/#breadcrumb"},"inLanguage":"de","potentialAction":[{"@type":"ReadAction","target":["https:\/\/swartfontein.com\/de\/haftungsausschluss\/"]}]},{"@type":"BreadcrumbList","@id":"https:\/\/swartfontein.com\/de\/haftungsausschluss\/#breadcrumb","itemListElement":[{"@type":"ListItem","position":1,"name":"Home","item":"https:\/\/swartfontein.com\/de\/"},{"@type":"ListItem","position":2,"name":"Haftungsausschluss"}]},{"@type":"WebSite","@id":"https:\/\/swartfontein.com\/de\/#website","url":"https:\/\/swartfontein.com\/de\/","name":"Swartfontein Game & Adventure Lodge","description":"Game &amp; Adventure Lodge","publisher":{"@id":"https:\/\/swartfontein.com\/de\/#organization"},"potentialAction":[{"@type":"SearchAction","target":{"@type":"EntryPoint","urlTemplate":"https:\/\/swartfontein.com\/de\/?s={search_term_string}"},"query-input":{"@type":"PropertyValueSpecification","valueRequired":true,"valueName":"search_term_string"}}],"inLanguage":"de"},{"@type":"Organization","@id":"https:\/\/swartfontein.com\/de\/#organization","name":"Swartfontein Game & Adventure Lodge","url":"https:\/\/swartfontein.com\/de\/","logo":{"@type":"ImageObject","inLanguage":"de","@id":"https:\/\/swartfontein.com\/de\/#\/schema\/logo\/image\/","url":"https:\/\/swartfontein.com\/wp-content\/uploads\/2025\/08\/Swartfontein-Fav.png","contentUrl":"https:\/\/swartfontein.com\/wp-content\/uploads\/2025\/08\/Swartfontein-Fav.png","width":512,"height":512,"caption":"Swartfontein Game & Adventure Lodge"},"image":{"@id":"https:\/\/swartfontein.com\/de\/#\/schema\/logo\/image\/"},"sameAs":["https:\/\/www.facebook.com\/people\/Swartfontein-Game-Adventure-Lodge\/61574464136020\/"]}]}},"_links":{"self":[{"href":"https:\/\/swartfontein.com\/de\/wp-json\/wp\/v2\/pages\/25834800","targetHints":{"allow":["GET"]}}],"collection":[{"href":"https:\/\/swartfontein.com\/de\/wp-json\/wp\/v2\/pages"}],"about":[{"href":"https:\/\/swartfontein.com\/de\/wp-json\/wp\/v2\/types\/page"}],"author":[{"embeddable":true,"href":"https:\/\/swartfontein.com\/de\/wp-json\/wp\/v2\/users\/1"}],"replies":[{"embeddable":true,"href":"https:\/\/swartfontein.com\/de\/wp-json\/wp\/v2\/comments?post=25834800"}],"version-history":[{"count":6,"href":"https:\/\/swartfontein.com\/de\/wp-json\/wp\/v2\/pages\/25834800\/revisions"}],"predecessor-version":[{"id":25834846,"href":"https:\/\/swartfontein.com\/de\/wp-json\/wp\/v2\/pages\/25834800\/revisions\/25834846"}],"wp:attachment":[{"href":"https:\/\/swartfontein.com\/de\/wp-json\/wp\/v2\/media?parent=25834800"}],"wp:term":[{"taxonomy":"dipi_cpt_category","embeddable":true,"href":"https:\/\/swartfontein.com\/de\/wp-json\/wp\/v2\/dipi_cpt_category?post=25834800"}],"curies":[{"name":"wp","href":"https:\/\/api.w.org\/{rel}","templated":true}]}}