{"id":25834796,"date":"2025-08-17T20:06:41","date_gmt":"2025-08-17T18:06:41","guid":{"rendered":"https:\/\/swartfontein.com\/?page_id=25834796"},"modified":"2025-09-08T15:47:32","modified_gmt":"2025-09-08T13:47:32","slug":"datenschutzerklaerung","status":"publish","type":"page","link":"https:\/\/swartfontein.com\/de\/datenschutzerklaerung\/","title":{"rendered":"Datenschutzerkl\u00e4rung"},"content":{"rendered":"<p>[et_pb_section fb_built=&#8220;1&#8243; fullwidth=&#8220;on&#8220; _builder_version=&#8220;4.26.0&#8243; _module_preset=&#8220;default&#8220; global_colors_info=&#8220;{}&#8220;][et_pb_fullwidth_header title=&#8220;Datenschutzerkl\u00e4rung&#8220; header_scroll_down=&#8220;on&#8220; scroll_down_icon=&#8220;%%0%%&#8220; scroll_down_icon_size=&#8220;24px&#8220; button_one_text=&#8220;Reservierungen&#8220; button_one_url=&#8220;\/de\/reservierungen\/&#8220; _builder_version=&#8220;4.27.4&#8243; _module_preset=&#8220;default&#8220; title_font=&#8220;|700||on|||||&#8220; title_font_size=&#8220;54px&#8220; title_letter_spacing=&#8220;1px&#8220; title_line_height=&#8220;1.3em&#8220; subhead_font=&#8220;&#8211;et_global_body_font|||on|||||&#8220; subhead_text_color=&#8220;#FFFFFF&#8220; subhead_font_size=&#8220;20px&#8220; subhead_letter_spacing=&#8220;2px&#8220; background_color=&#8220;#F4EFE8&#8243; use_background_color_gradient=&#8220;on&#8220; background_color_gradient_stops=&#8220;rgba(0,0,0,0.2) 0%|rgba(0,0,0,0) 20%&#8220; background_color_gradient_overlays_image=&#8220;on&#8220; background_image=&#8220;https:\/\/swartfontein.com\/wp-content\/uploads\/2025\/08\/Swartfontein-Activities-Desktop-1.jpg&#8220; background_position=&#8220;center_left&#8220; custom_button_one=&#8220;on&#8220; button_one_text_color=&#8220;#FFFFFF&#8220; button_one_bg_color=&#8220;#ff4500&#8243; button_one_border_color=&#8220;#ff4500&#8243; button_one_font=&#8220;|||on|||||&#8220; button_one_use_icon=&#8220;off&#8220; button_one_custom_margin=&#8220;30px||||false|false&#8220; button_one_custom_padding=&#8220;12px|30px|12px|30px|true|true&#8220; custom_button_two=&#8220;on&#8220; button_two_font=&#8220;|||on|||||&#8220; button_two_use_icon=&#8220;off&#8220; button_two_custom_padding=&#8220;12px|30px|12px|30px|true|true&#8220; custom_padding=&#8220;10%||14%||false|false&#8220; title_font_size_tablet=&#8220;54px&#8220; title_font_size_phone=&#8220;30px&#8220; title_font_size_last_edited=&#8220;on|tablet&#8220; subhead_font_size_tablet=&#8220;24px&#8220; subhead_font_size_phone=&#8220;18px&#8220; subhead_font_size_last_edited=&#8220;on|phone&#8220; background_last_edited=&#8220;on|phone&#8220; use_background_color_gradient_phone=&#8220;on&#8220; background_color_gradient_stops_phone=&#8220;rgba(0,0,0,0) 50%|rgba(23,23,23,0.22) 100%&#8220; background_image_phone=&#8220;https:\/\/swartfontein.com\/wp-content\/uploads\/2025\/08\/Swartfontein-Activities-Mobile-1.jpg&#8220; background_enable_image_phone=&#8220;on&#8220; title_text_shadow_style=&#8220;preset3&#8243; title_text_shadow_color=&#8220;rgba(0,0,0,0.2)&#8220; subhead_text_shadow_style=&#8220;preset3&#8243; subhead_text_shadow_color=&#8220;rgba(0,0,0,0.2)&#8220; global_colors_info=&#8220;{}&#8220; scroll_down_icon_color__hover_enabled=&#8220;on|hover&#8220; scroll_down_icon_color__hover=&#8220;#BC7C39&#8243; button_one_bg_color__hover_enabled=&#8220;on|hover&#8220; button_one_bg_color__hover=&#8220;#5E5641&#8243; button_one_bg_enable_color__hover=&#8220;on&#8220; button_one_border_color__hover_enabled=&#8220;on|hover&#8220; button_one_border_color__hover=&#8220;#5E5641&#8243; button_two_bg_color__hover_enabled=&#8220;on|hover&#8220; button_two_bg_color__hover=&#8220;#5E5641&#8243; button_two_bg_enable_color__hover=&#8220;on&#8220; button_two_border_color__hover_enabled=&#8220;on|hover&#8220; button_two_border_color__hover=&#8220;#5E5641&#8243;][\/et_pb_fullwidth_header][\/et_pb_section][et_pb_section fb_built=&#8220;1&#8243; custom_padding_last_edited=&#8220;on|tablet&#8220; _builder_version=&#8220;4.27.4&#8243; _module_preset=&#8220;default&#8220; background_color=&#8220;#F4EFE8&#8243; custom_margin_tablet=&#8220;||0px||false|false&#8220; custom_margin_phone=&#8220;||0px||false|false&#8220; custom_margin_last_edited=&#8220;on|tablet&#8220; custom_padding=&#8220;90px||90px||false|false&#8220; custom_padding_tablet=&#8220;||90px||false|false&#8220; custom_padding_phone=&#8220;40px||70px||false|false&#8220; global_colors_info=&#8220;{}&#8220;][et_pb_row custom_padding_last_edited=&#8220;on|phone&#8220; _builder_version=&#8220;4.27.4&#8243; _module_preset=&#8220;default&#8220; background_color=&#8220;#FFFFFF&#8220; width_tablet=&#8220;90%&#8220; width_phone=&#8220;90%&#8220; width_last_edited=&#8220;on|tablet&#8220; custom_padding=&#8220;34px|40px|34px|40px|true|true&#8220; custom_padding_tablet=&#8220;34px|40px|34px|40px|true|true&#8220; custom_padding_phone=&#8220;20px|25px|20px|25px|true|true&#8220; global_colors_info=&#8220;{}&#8220;][et_pb_column type=&#8220;4_4&#8243; _builder_version=&#8220;4.27.4&#8243; _module_preset=&#8220;default&#8220; global_colors_info=&#8220;{}&#8220;][et_pb_text _builder_version=&#8220;4.27.4&#8243; _module_preset=&#8220;default&#8220; header_4_font=&#8220;|||on|||||&#8220; header_4_text_color=&#8220;#5E5641&#8243; custom_padding=&#8220;||15px||false|false&#8220; header_4_text_align_tablet=&#8220;&#8220; header_4_text_align_phone=&#8220;center&#8220; header_4_text_align_last_edited=&#8220;on|phone&#8220; global_colors_info=&#8220;{}&#8220;]<\/p>\n<h4>Nutzung und Zweck der Datenerhebung<\/h4>\n<p>Die Einhaltung der Datenschutzgesetze ist f\u00fcr uns ein Vertrauensfaktor und nicht nur gesetzliche Pflicht. Wir m\u00f6chten Ihnen erkl\u00e4ren wie wir mit Ihren personenbezogenen Daten (im nachfolgenden Daten genannt) umgehen und informieren Sie mit den nachfolgenden Datenschutzbestimmungen \u00fcber die Art, den Umfang und den Zweck der von Ihnen auf dieser Webseite erhobenen und verarbeiteten Daten, sowie Ihre Rechte.<\/p>\n<p>Die Nutzung unserer Seite ist ohne eine Angabe von personenbezogenen Daten m\u00f6glich. F\u00fcr die Nutzung einzelner Services unserer Seite k\u00f6nnen sich hierf\u00fcr abweichende Regelungen ergeben, die in diesem Falle nachstehend gesondert erl\u00e4utert werden. Ihre personenbezogenen Daten (z.B. Name, Anschrift, E-Mail, Telefonnummer, u.\u00e4.) werden von uns nur gem\u00e4\u00df den Bestimmungen des deutschen Datenschutzrechts verarbeitet. Daten sind dann personenbezogen, wenn sie eindeutig einer bestimmten nat\u00fcrlichen Person zugeordnet werden k\u00f6nnen. Die rechtlichen Grundlagen des Datenschutzes finden Sie im Bundesdatenschutzgesetz (BDSG) und dem Telemediengesetz (TMG).<\/p>\n<p>Nachstehende Regelungen informieren Sie insoweit \u00fcber die Art, den Umfang und Zweck der Erhebung, die Nutzung und die Verarbeitung von personenbezogenen Daten durch den Anbieter. Es werden von uns keine personenbezogene Daten erfa\u00dft, es sei denn, Sie geben uns diese Informationen freiwillig, z.B. zur Bearbeitung von Anfragen, zur Abwicklung von Zimmerbuchungen, bei Kommentaren, bei der Newsletteranmeldung oder bei Anfragen \u00fcber das Kontaktformular.<\/p>\n<h4>\u00dcbermittlung an Dritte<\/h4>\n<p>Eine Weitergabe von Daten an Dritte erfolgt grunds\u00e4tzlich nicht, sofern dies nicht zur Erbringung der Dienstleistung oder zur Vertragsdurchf\u00fchrung notwendig ist. Beh\u00f6rden oder anderen staatlichen Institutionen werden nur im Rahmen der gesetzlichen Informationspflichten oder aufgrund gerichtlicher Entscheidungen Ausk\u00fcnfte erteilt.<\/p>\n<p>Auf Anordnung der zust\u00e4ndigen Stellen d\u00fcrfen wir im Einzelfall Auskunft \u00fcber diese Daten erteilen, soweit dies f\u00fcr Zwecke der Strafverfolgung, zur Gefahrenabwehr, zur Erf\u00fcllung der gesetzlichen Aufgaben der Verfassungsschutzbeh\u00f6rden oder des milit\u00e4rischen Abschirmdienstes oder zur Durchsetzung der Rechte am geistigen Eigentum erforderlich ist.<\/p>\n<h4>Daten von Kindern und Jugendlichen<\/h4>\n<p>Personen unter 18 Jahren sollten ohne Zustimmung der Eltern oder Erziehungsberechtigten keine personenbezogenen Daten an uns \u00fcbermitteln. Wir fordern wissentlich keine personenbezogenen Daten von Kindern und Jugendlichen an, sammeln diese nicht und geben sie nicht an Dritte weiter.<\/p>\n<h4>Sicherheitsma\u00dfnahmen<\/h4>\n<p>Zum Schutz Ihrer bei uns vorgehaltenen personenbezogenen Daten vor unberechtigtem Zugriff und Missbrauch haben wir umfangreiche technische und betriebliche Sicherheitsvorkehrungen getroffen. Unsere Sicherheitsverfahren zum Schutz gegen Besch\u00e4digungen, Zerst\u00f6rung oder den unberechtigten Zugriff werden regelm\u00e4\u00dfig \u00fcberpr\u00fcft und dem technologischen Fortschritt angepasst.<\/p>\n<h4>Auskunft und Widerruf<\/h4>\n<p>Sie erhalten jederzeit ohne Angabe von Gr\u00fcnden kostenfrei Auskunft \u00fcber Ihre bei uns gespeicherten Daten. Sie k\u00f6nnen jederzeit Ihre bei uns erhobenen Daten sperren, berichtigen oder l\u00f6schen bzw. sperren lassen und der Datenerhebung und -speicherung zu Optimierungszwecken unserer Website widersprechen. Auch k\u00f6nnen Sie jederzeit die uns erteilte Einwilligung zur Datenerhebung und -verwendung ohne Angaben von Gr\u00fcnden widerrufen. Wenden Sie sich hierzu bitte an die im Impressum angegebene Kontaktadresse. Wir stehen Ihnen jederzeit gerne f\u00fcr weitergehende Fragen zu unserem Hinweis zum Datenschutz und zur Verarbeitung Ihrer pers\u00f6nlichen Daten zur Verf\u00fcgung.<\/p>\n<h4>Cookies<\/h4>\n<p>Wir verwenden auf unserer Seite sog. Cookies zum Wiedererkennen mehrfacher Nutzung unseres Angebots, durch denselben Nutzer\/Internetanschlussinhaber. Cookies sind kleine Textdateien, die Ihr Internet-Browser auf Ihrem Rechner ablegt und speichert. Sie dienen dazu, unseren Internetauftritt und unsere Angebote zu optimieren. Es handelt sich dabei zumeist um sog. \u201eSession-Cookies\u201c, die nach dem Ende Ihres Besuches wieder gel\u00f6scht werden. Teilweise geben diese Cookies jedoch Informationen ab, um Sie automatisch wieder zu erkennen. Diese Wiedererkennung erfolgt aufgrund der in den Cookies gespeicherten IP-Adresse. Die so erlangten Informationen dienen dazu, unsere Angebote zu optimieren und Ihnen einen leichteren Zugang auf unsere Seite zu erm\u00f6glichen. Sie k\u00f6nnen die Installation der Cookies durch eine entsprechende Einstellung Ihres Browsers verhindern; wir weisen Sie jedoch darauf hin, dass Sie in diesem Fall gegebenenfalls nicht s\u00e4mtliche Funktionen unserer Website vollumf\u00e4nglich nutzen k\u00f6nnen. Einzig die Cookies f\u00fcr den Hinwei\u00df das wir Cookies verwenden werden f\u00fcr eine l\u00e4ngere Zeit gespeichert.<\/p>\n<p>Sie k\u00f6nnen die Cookies in den Sicherheitseinstellungen Ihres Browsers jederzeit manuell l\u00f6schen. Sie k\u00f6nnen die Speicherung von Cookies aber auch durch eine entsprechende Einstellung Ihres Browsers von vorneherein verhindern. Bitte beachten Sie dabei aber, dass Sie dann m\u00f6glicherweise nicht s\u00e4mtliche Funktionen unserer Website vollumf\u00e4nglich nutzen k\u00f6nnen. Sollten Sie nur unsere eigenen Cookies, nicht aber Cookies unserer Auftragsverarbeiter akzeptieren wollen, k\u00f6nnen Sie die Speicherung dieser Cookies durch die entsprechende Einstellung \u201eCookies von Drittanbietern, in Ihrem Browser, verhindern.<\/p>\n<h4>Facebook<\/h4>\n<p>Auf unseren Seiten sind Plugins des sozialen Netzwerks Facebook, 1601 South California Avenue, Palo Alto, CA 94304, USA integriert. Die Facebook-Plugins erkennen Sie an dem Facebook-Logo oder dem \u201eLike-Button\u201c (\u201eGef\u00e4llt mir\u201c) auf unserer Seite. Eine \u00dcbersicht \u00fcber die Facebook-Plugins finden Sie hier: https:\/\/developers.facebook.com\/docs\/plugins\/?locale=de_DE. Wenn Sie unsere Seiten besuchen, wird \u00fcber das Plugin eine direkte Verbindung zwischen Ihrem Browser und dem Facebook-Server hergestellt. Facebook erh\u00e4lt dadurch die Information, dass Sie mit Ihrer IP-Adresse unsere Seite besucht haben.<\/p>\n<p>Wenn Sie den Facebook \u201eLike-Button\u201c anklicken w\u00e4hrend Sie in Ihrem Facebook-Account eingeloggt sind, k\u00f6nnen Sie die Inhalte unserer Seiten auf Ihrem Facebook-Profil verlinken. Dadurch kann Facebook den Besuch unserer Seiten Ihrem Benutzerkonto zuordnen. Wir weisen darauf hin, dass wir als Anbieter der Seiten keine Kenntnis vom Inhalt der \u00fcbermittelten Daten sowie deren Nutzung durch Facebook erhalten. Weitere Informationen hierzu finden Sie in der Datenschutzerkl\u00e4rung von facebook unter http:\/\/de-de.facebook.com\/policy.php Wenn Sie nicht w\u00fcnschen, dass Facebook den Besuch unserer Seiten Ihrem Facebook-Nutzerkonto zuordnen kann, loggen Sie sich bitte aus Ihrem Facebook-Benutzerkonto aus.<\/p>\n<h4>Google Analytics<\/h4>\n<p>Diese Website nutzt Google Analytics, einen Webanalysedienst der Google Inc. (\u201eGoogle\u201c). Google Analytics verwendet sogenannte \u201eCookies\u201c, Textdateien, die auf Ihrem Computer gespeichert werden und die eine Analyse der Nutzung der Website durch Sie erm\u00f6glichen. Die durch das Cookie erzeugten Informationen \u00fcber Ihre Nutzung dieser Website werden in der Regel an einen Server von Google in den USA \u00fcbertragen und dort gespeichert. Im Falle der Aktivierung der IP-Anonymisierung auf dieser Website wird Ihre IP-Adresse von Google jedoch innerhalb von Mitgliedstaaten der Europ\u00e4ischen Union oder in anderen Vertragsstaaten des Abkommens \u00fcber den Europ\u00e4ischen Wirtschaftsraum zuvor gek\u00fcrzt. Nur in Ausnahmef\u00e4llen wird die volle IP-Adresse an einen Server von Google in den USA \u00fcbertragen und dort gek\u00fcrzt. Im Auftrag des Betreibers dieser Website wird Google diese Informationen benutzen, um Ihre Nutzung der Website auszuwerten, um Reports \u00fcber die Websiteaktivit\u00e4ten zusammenzustellen und um weitere mit der Websitenutzung und der Internetnutzung verbundene Dienstleistungen gegen\u00fcber dem Websitebetreiber zu erbringen. Die im Rahmen von Google Analytics von Ihrem Browser \u00fcbermittelte IP-Adresse wird nicht mit anderen Daten von Google zusammengef\u00fchrt. Sie k\u00f6nnen die Speicherung der Cookies durch eine entsprechende Einstellung Ihrer Browser-Software verhindern; wir weisen Sie jedoch darauf hin, dass Sie in diesem Fall gegebenenfalls nicht s\u00e4mtliche Funktionen dieser Website vollumf\u00e4nglich werden nutzen k\u00f6nnen. Sie k\u00f6nnen dar\u00fcber hinaus die Erfassung der durch das Cookie erzeugten und auf Ihre Nutzung der Website bezogenen Daten (inkl. Ihrer IP-Adresse) an Google sowie die Verarbeitung dieser Daten durch Google verhindern, indem Sie das unter dem folgenden Link https:\/\/tools.google.com\/dlpage\/gaoptout?hl=de) verf\u00fcgbare Browser-Plug-in herunterladen und installieren.<\/p>\n<p>[\/et_pb_text][\/et_pb_column][\/et_pb_row][\/et_pb_section]<\/p>\n","protected":false},"excerpt":{"rendered":"<p>Nutzung und Zweck der Datenerhebung Die Einhaltung der Datenschutzgesetze ist f\u00fcr uns ein Vertrauensfaktor und nicht nur gesetzliche Pflicht. Wir m\u00f6chten Ihnen erkl\u00e4ren wie wir mit Ihren personenbezogenen Daten (im nachfolgenden Daten genannt) umgehen und informieren Sie mit den nachfolgenden Datenschutzbestimmungen \u00fcber die Art, den Umfang und den Zweck der von Ihnen auf dieser Webseite [&hellip;]<\/p>\n","protected":false},"author":1,"featured_media":0,"parent":0,"menu_order":0,"comment_status":"closed","ping_status":"closed","template":"","meta":{"_et_pb_use_builder":"on","_et_pb_old_content":"","_et_gb_content_width":"","footnotes":""},"dipi_cpt_category":[],"class_list":["post-25834796","page","type-page","status-publish","hentry"],"yoast_head":"<!-- This site is optimized with the Yoast SEO plugin v25.8 - https:\/\/yoast.com\/wordpress\/plugins\/seo\/ -->\n<title>Datenschutzerkl\u00e4rung - Swartfontein<\/title>\n<meta name=\"robots\" content=\"index, follow, max-snippet:-1, max-image-preview:large, max-video-preview:-1\" \/>\n<link rel=\"canonical\" href=\"https:\/\/swartfontein.com\/de\/datenschutzerklaerung\/\" \/>\n<meta property=\"og:locale\" content=\"de_DE\" \/>\n<meta property=\"og:type\" content=\"article\" \/>\n<meta property=\"og:title\" content=\"Datenschutzerkl\u00e4rung - Swartfontein\" \/>\n<meta property=\"og:description\" content=\"Nutzung und Zweck der Datenerhebung Die Einhaltung der Datenschutzgesetze ist f\u00fcr uns ein Vertrauensfaktor und nicht nur gesetzliche Pflicht. Wir m\u00f6chten Ihnen erkl\u00e4ren wie wir mit Ihren personenbezogenen Daten (im nachfolgenden Daten genannt) umgehen und informieren Sie mit den nachfolgenden Datenschutzbestimmungen \u00fcber die Art, den Umfang und den Zweck der von Ihnen auf dieser Webseite [&hellip;]\" \/>\n<meta property=\"og:url\" content=\"https:\/\/swartfontein.com\/de\/datenschutzerklaerung\/\" \/>\n<meta property=\"og:site_name\" content=\"Swartfontein\" \/>\n<meta property=\"article:publisher\" content=\"https:\/\/www.facebook.com\/people\/Swartfontein-Game-Adventure-Lodge\/61574464136020\/\" \/>\n<meta property=\"article:modified_time\" content=\"2025-09-08T13:47:32+00:00\" \/>\n<meta name=\"twitter:card\" content=\"summary_large_image\" \/>\n<meta name=\"twitter:label1\" content=\"Gesch\u00e4tzte Lesezeit\" \/>\n\t<meta name=\"twitter:data1\" content=\"5\u00a0Minuten\" \/>\n<script type=\"application\/ld+json\" class=\"yoast-schema-graph\">{\"@context\":\"https:\/\/schema.org\",\"@graph\":[{\"@type\":\"WebPage\",\"@id\":\"https:\/\/swartfontein.com\/de\/datenschutzerklaerung\/\",\"url\":\"https:\/\/swartfontein.com\/de\/datenschutzerklaerung\/\",\"name\":\"Datenschutzerkl\u00e4rung - Swartfontein\",\"isPartOf\":{\"@id\":\"https:\/\/swartfontein.com\/de\/#website\"},\"datePublished\":\"2025-08-17T18:06:41+00:00\",\"dateModified\":\"2025-09-08T13:47:32+00:00\",\"breadcrumb\":{\"@id\":\"https:\/\/swartfontein.com\/de\/datenschutzerklaerung\/#breadcrumb\"},\"inLanguage\":\"de\",\"potentialAction\":[{\"@type\":\"ReadAction\",\"target\":[\"https:\/\/swartfontein.com\/de\/datenschutzerklaerung\/\"]}]},{\"@type\":\"BreadcrumbList\",\"@id\":\"https:\/\/swartfontein.com\/de\/datenschutzerklaerung\/#breadcrumb\",\"itemListElement\":[{\"@type\":\"ListItem\",\"position\":1,\"name\":\"Home\",\"item\":\"https:\/\/swartfontein.com\/de\/\"},{\"@type\":\"ListItem\",\"position\":2,\"name\":\"Datenschutzerkl\u00e4rung\"}]},{\"@type\":\"WebSite\",\"@id\":\"https:\/\/swartfontein.com\/de\/#website\",\"url\":\"https:\/\/swartfontein.com\/de\/\",\"name\":\"Swartfontein Game & Adventure Lodge\",\"description\":\"Game &amp; Adventure Lodge\",\"publisher\":{\"@id\":\"https:\/\/swartfontein.com\/de\/#organization\"},\"potentialAction\":[{\"@type\":\"SearchAction\",\"target\":{\"@type\":\"EntryPoint\",\"urlTemplate\":\"https:\/\/swartfontein.com\/de\/?s={search_term_string}\"},\"query-input\":{\"@type\":\"PropertyValueSpecification\",\"valueRequired\":true,\"valueName\":\"search_term_string\"}}],\"inLanguage\":\"de\"},{\"@type\":\"Organization\",\"@id\":\"https:\/\/swartfontein.com\/de\/#organization\",\"name\":\"Swartfontein Game & Adventure Lodge\",\"url\":\"https:\/\/swartfontein.com\/de\/\",\"logo\":{\"@type\":\"ImageObject\",\"inLanguage\":\"de\",\"@id\":\"https:\/\/swartfontein.com\/de\/#\/schema\/logo\/image\/\",\"url\":\"https:\/\/swartfontein.com\/wp-content\/uploads\/2025\/08\/Swartfontein-Fav.png\",\"contentUrl\":\"https:\/\/swartfontein.com\/wp-content\/uploads\/2025\/08\/Swartfontein-Fav.png\",\"width\":512,\"height\":512,\"caption\":\"Swartfontein Game & Adventure Lodge\"},\"image\":{\"@id\":\"https:\/\/swartfontein.com\/de\/#\/schema\/logo\/image\/\"},\"sameAs\":[\"https:\/\/www.facebook.com\/people\/Swartfontein-Game-Adventure-Lodge\/61574464136020\/\"]}]}<\/script>\n<!-- \/ Yoast SEO plugin. -->","yoast_head_json":{"title":"Datenschutzerkl\u00e4rung - Swartfontein","robots":{"index":"index","follow":"follow","max-snippet":"max-snippet:-1","max-image-preview":"max-image-preview:large","max-video-preview":"max-video-preview:-1"},"canonical":"https:\/\/swartfontein.com\/de\/datenschutzerklaerung\/","og_locale":"de_DE","og_type":"article","og_title":"Datenschutzerkl\u00e4rung - Swartfontein","og_description":"Nutzung und Zweck der Datenerhebung Die Einhaltung der Datenschutzgesetze ist f\u00fcr uns ein Vertrauensfaktor und nicht nur gesetzliche Pflicht. Wir m\u00f6chten Ihnen erkl\u00e4ren wie wir mit Ihren personenbezogenen Daten (im nachfolgenden Daten genannt) umgehen und informieren Sie mit den nachfolgenden Datenschutzbestimmungen \u00fcber die Art, den Umfang und den Zweck der von Ihnen auf dieser Webseite [&hellip;]","og_url":"https:\/\/swartfontein.com\/de\/datenschutzerklaerung\/","og_site_name":"Swartfontein","article_publisher":"https:\/\/www.facebook.com\/people\/Swartfontein-Game-Adventure-Lodge\/61574464136020\/","article_modified_time":"2025-09-08T13:47:32+00:00","twitter_card":"summary_large_image","twitter_misc":{"Gesch\u00e4tzte Lesezeit":"5\u00a0Minuten"},"schema":{"@context":"https:\/\/schema.org","@graph":[{"@type":"WebPage","@id":"https:\/\/swartfontein.com\/de\/datenschutzerklaerung\/","url":"https:\/\/swartfontein.com\/de\/datenschutzerklaerung\/","name":"Datenschutzerkl\u00e4rung - Swartfontein","isPartOf":{"@id":"https:\/\/swartfontein.com\/de\/#website"},"datePublished":"2025-08-17T18:06:41+00:00","dateModified":"2025-09-08T13:47:32+00:00","breadcrumb":{"@id":"https:\/\/swartfontein.com\/de\/datenschutzerklaerung\/#breadcrumb"},"inLanguage":"de","potentialAction":[{"@type":"ReadAction","target":["https:\/\/swartfontein.com\/de\/datenschutzerklaerung\/"]}]},{"@type":"BreadcrumbList","@id":"https:\/\/swartfontein.com\/de\/datenschutzerklaerung\/#breadcrumb","itemListElement":[{"@type":"ListItem","position":1,"name":"Home","item":"https:\/\/swartfontein.com\/de\/"},{"@type":"ListItem","position":2,"name":"Datenschutzerkl\u00e4rung"}]},{"@type":"WebSite","@id":"https:\/\/swartfontein.com\/de\/#website","url":"https:\/\/swartfontein.com\/de\/","name":"Swartfontein Game & Adventure Lodge","description":"Game &amp; Adventure Lodge","publisher":{"@id":"https:\/\/swartfontein.com\/de\/#organization"},"potentialAction":[{"@type":"SearchAction","target":{"@type":"EntryPoint","urlTemplate":"https:\/\/swartfontein.com\/de\/?s={search_term_string}"},"query-input":{"@type":"PropertyValueSpecification","valueRequired":true,"valueName":"search_term_string"}}],"inLanguage":"de"},{"@type":"Organization","@id":"https:\/\/swartfontein.com\/de\/#organization","name":"Swartfontein Game & Adventure Lodge","url":"https:\/\/swartfontein.com\/de\/","logo":{"@type":"ImageObject","inLanguage":"de","@id":"https:\/\/swartfontein.com\/de\/#\/schema\/logo\/image\/","url":"https:\/\/swartfontein.com\/wp-content\/uploads\/2025\/08\/Swartfontein-Fav.png","contentUrl":"https:\/\/swartfontein.com\/wp-content\/uploads\/2025\/08\/Swartfontein-Fav.png","width":512,"height":512,"caption":"Swartfontein Game & Adventure Lodge"},"image":{"@id":"https:\/\/swartfontein.com\/de\/#\/schema\/logo\/image\/"},"sameAs":["https:\/\/www.facebook.com\/people\/Swartfontein-Game-Adventure-Lodge\/61574464136020\/"]}]}},"_links":{"self":[{"href":"https:\/\/swartfontein.com\/de\/wp-json\/wp\/v2\/pages\/25834796","targetHints":{"allow":["GET"]}}],"collection":[{"href":"https:\/\/swartfontein.com\/de\/wp-json\/wp\/v2\/pages"}],"about":[{"href":"https:\/\/swartfontein.com\/de\/wp-json\/wp\/v2\/types\/page"}],"author":[{"embeddable":true,"href":"https:\/\/swartfontein.com\/de\/wp-json\/wp\/v2\/users\/1"}],"replies":[{"embeddable":true,"href":"https:\/\/swartfontein.com\/de\/wp-json\/wp\/v2\/comments?post=25834796"}],"version-history":[{"count":3,"href":"https:\/\/swartfontein.com\/de\/wp-json\/wp\/v2\/pages\/25834796\/revisions"}],"predecessor-version":[{"id":25834825,"href":"https:\/\/swartfontein.com\/de\/wp-json\/wp\/v2\/pages\/25834796\/revisions\/25834825"}],"wp:attachment":[{"href":"https:\/\/swartfontein.com\/de\/wp-json\/wp\/v2\/media?parent=25834796"}],"wp:term":[{"taxonomy":"dipi_cpt_category","embeddable":true,"href":"https:\/\/swartfontein.com\/de\/wp-json\/wp\/v2\/dipi_cpt_category?post=25834796"}],"curies":[{"name":"wp","href":"https:\/\/api.w.org\/{rel}","templated":true}]}}